{"id":13,"date":"2016-02-06T21:36:48","date_gmt":"2016-02-06T21:36:48","guid":{"rendered":"http:\/\/zonalibredelsur.com\/?page_id=13"},"modified":"2025-03-11T17:36:05","modified_gmt":"2025-03-11T17:36:05","slug":"company","status":"publish","type":"page","link":"https:\/\/zonalibredelsur.com\/es\/company\/","title":{"rendered":"Compa\u00f1\u00eda"},"content":{"rendered":"<div data-elementor-type=\"wp-page\" data-elementor-id=\"13\" class=\"elementor elementor-13\">\n\t\t\t\t\t\t<section class=\"elementor-section elementor-top-section elementor-element elementor-element-c90cac5 elementor-section-content-middle elementor-section-boxed elementor-section-height-default elementor-section-height-default\" data-id=\"c90cac5\" data-element_type=\"section\" data-settings=\"{&quot;background_background&quot;:&quot;classic&quot;}\">\n\t\t\t\t\t\t<div class=\"elementor-container elementor-column-gap-wide\">\n\t\t\t\t\t<div class=\"elementor-column elementor-col-100 elementor-top-column elementor-element elementor-element-90a9f1b\" data-id=\"90a9f1b\" data-element_type=\"column\">\n\t\t\t<div class=\"elementor-widget-wrap\">\n\t\t\t\t\t\t\t<\/div>\n\t\t<\/div>\n\t\t\t\t\t<\/div>\n\t\t<\/section>\n\t\t\t\t<section class=\"elementor-section elementor-top-section elementor-element elementor-element-ed7c6db elementor-section-boxed elementor-section-height-default elementor-section-height-default\" data-id=\"ed7c6db\" data-element_type=\"section\" data-settings=\"{&quot;background_background&quot;:&quot;classic&quot;}\">\n\t\t\t\t\t\t<div class=\"elementor-container elementor-column-gap-default\">\n\t\t\t\t\t<div class=\"elementor-column elementor-col-100 elementor-top-column elementor-element elementor-element-030ed23\" data-id=\"030ed23\" data-element_type=\"column\">\n\t\t\t<div class=\"elementor-widget-wrap elementor-element-populated\">\n\t\t\t\t\t\t<div class=\"elementor-element elementor-element-358c6e5 elementor-widget elementor-widget-spacer\" data-id=\"358c6e5\" data-element_type=\"widget\" data-widget_type=\"spacer.default\">\n\t\t\t\t<div class=\"elementor-widget-container\">\n\t\t\t<style>\/*! elementor - v3.20.0 - 20-03-2024 *\/\n.elementor-column .elementor-spacer-inner{height:var(--spacer-size)}.e-con{--container-widget-width:100%}.e-con-inner>.elementor-widget-spacer,.e-con>.elementor-widget-spacer{width:var(--container-widget-width,var(--spacer-size));--align-self:var(--container-widget-align-self,initial);--flex-shrink:0}.e-con-inner>.elementor-widget-spacer>.elementor-widget-container,.e-con>.elementor-widget-spacer>.elementor-widget-container{height:100%;width:100%}.e-con-inner>.elementor-widget-spacer>.elementor-widget-container>.elementor-spacer,.e-con>.elementor-widget-spacer>.elementor-widget-container>.elementor-spacer{height:100%}.e-con-inner>.elementor-widget-spacer>.elementor-widget-container>.elementor-spacer>.elementor-spacer-inner,.e-con>.elementor-widget-spacer>.elementor-widget-container>.elementor-spacer>.elementor-spacer-inner{height:var(--container-widget-height,var(--spacer-size))}.e-con-inner>.elementor-widget-spacer.elementor-widget-empty,.e-con>.elementor-widget-spacer.elementor-widget-empty{position:relative;min-height:22px;min-width:22px}.e-con-inner>.elementor-widget-spacer.elementor-widget-empty .elementor-widget-empty-icon,.e-con>.elementor-widget-spacer.elementor-widget-empty .elementor-widget-empty-icon{position:absolute;top:0;bottom:0;left:0;right:0;margin:auto;padding:0;width:22px;height:22px}<\/style>\t\t<div class=\"elementor-spacer\">\n\t\t\t<div class=\"elementor-spacer-inner\"><\/div>\n\t\t<\/div>\n\t\t\t\t<\/div>\n\t\t\t\t<\/div>\n\t\t\t\t<div class=\"elementor-element elementor-element-d395b71 elementor-widget elementor-widget-text-editor\" data-id=\"d395b71\" data-element_type=\"widget\" data-widget_type=\"text-editor.default\">\n\t\t\t\t<div class=\"elementor-widget-container\">\n\t\t\t<style>\/*! elementor - v3.20.0 - 20-03-2024 *\/\n.elementor-widget-text-editor.elementor-drop-cap-view-stacked .elementor-drop-cap{background-color:#69727d;color:#fff}.elementor-widget-text-editor.elementor-drop-cap-view-framed .elementor-drop-cap{color:#69727d;border:3px solid;background-color:transparent}.elementor-widget-text-editor:not(.elementor-drop-cap-view-default) .elementor-drop-cap{margin-top:8px}.elementor-widget-text-editor:not(.elementor-drop-cap-view-default) .elementor-drop-cap-letter{width:1em;height:1em}.elementor-widget-text-editor .elementor-drop-cap{float:left;text-align:center;line-height:1;font-size:50px}.elementor-widget-text-editor .elementor-drop-cap-letter{display:inline-block}<\/style>\t\t\t\t<h1><strong><span style=\"color: #424484;\">Conoce la Zona Libre del Sur<\/span><br \/><\/strong><\/h1><p style=\"text-align: justify;\">Zona Libre del Sur es el concesionario operador de la Zona de Comercio Exterior 163 ubicada en Ponce, Puerto Rico. Nuestro principal objetivo es el desarrollo del comercio nacional e internacional brindando a nuestros clientes reducciones considerables en sus costos operativos y efectividad en sus operaciones y\/o manejo de inventarios. Iniciamos operaciones en noviembre de 1996 y estamos estrat\u00e9gicamente ubicados en el \u00e1rea del Puerto de Ponce. Nuestra ubicaci\u00f3n est\u00e1 a unos 2 minutos de la PR-52 y a unos cinco minutos del Aeropuerto de la Mercedita. Nuestras instalaciones incluyen un espacio de almac\u00e9n al aire libre para almacenar mercanc\u00edas, contenedores, equipos y veh\u00edculos. Tambi\u00e9n tenemos disponibles instalaciones de almacenamiento interior designadas.<\/p>\t\t\t\t\t\t<\/div>\n\t\t\t\t<\/div>\n\t\t\t\t<div class=\"elementor-element elementor-element-0ff7022 elementor-widget elementor-widget-button\" data-id=\"0ff7022\" data-element_type=\"widget\" data-widget_type=\"button.default\">\n\t\t\t\t<div class=\"elementor-widget-container\">\n\t\t\t\t\t<div class=\"elementor-button-wrapper\">\n\t\t\t<a class=\"elementor-button elementor-button-link elementor-size-sm\" href=\"http:\/\/zonalibredelsur.com\/wp-content\/uploads\/2025\/03\/presentacion-codezol-2023.pdf\" target=\"_blank\">\n\t\t\t\t\t\t<span class=\"elementor-button-content-wrapper\">\n\t\t\t\t\t\t<span class=\"elementor-button-text\">clic para conocer m\u00e1s<\/span>\n\t\t<\/span>\n\t\t\t\t\t<\/a>\n\t\t<\/div>\n\t\t\t\t<\/div>\n\t\t\t\t<\/div>\n\t\t\t\t<div class=\"elementor-element elementor-element-ab90253 elementor-widget elementor-widget-text-editor\" data-id=\"ab90253\" data-element_type=\"widget\" data-widget_type=\"text-editor.default\">\n\t\t\t\t<div class=\"elementor-widget-container\">\n\t\t\t\t\t\t\t<h2><span style=\"color: #424484;\"><strong>Ventajas competitivas<\/strong><\/span><\/h2>\t\t\t\t\t\t<\/div>\n\t\t\t\t<\/div>\n\t\t\t\t<section class=\"elementor-section elementor-inner-section elementor-element elementor-element-5f25d15 elementor-section-boxed elementor-section-height-default elementor-section-height-default\" data-id=\"5f25d15\" data-element_type=\"section\" data-settings=\"{&quot;background_background&quot;:&quot;classic&quot;}\">\n\t\t\t\t\t\t<div class=\"elementor-container elementor-column-gap-default\">\n\t\t\t\t\t<div class=\"elementor-column elementor-col-50 elementor-inner-column elementor-element elementor-element-d2f2de7\" data-id=\"d2f2de7\" data-element_type=\"column\">\n\t\t\t<div class=\"elementor-widget-wrap elementor-element-populated\">\n\t\t\t\t\t\t<div class=\"elementor-element elementor-element-99dda0a elementor-widget elementor-widget-text-editor\" data-id=\"99dda0a\" data-element_type=\"widget\" data-widget_type=\"text-editor.default\">\n\t\t\t\t<div class=\"elementor-widget-container\">\n\t\t\t\t\t\t\t<div id=\"pl-13\" class=\"panel-layout\"><div id=\"pg-13-0\" class=\"panel-grid panel-no-style\" data-style=\"{\" data-ratio=\"1\" data-ratio-direction=\"right\"><div id=\"pgc-13-0-0\" class=\"panel-grid-cell\" data-weight=\"1\"><div id=\"panel-13-0-0-0\" class=\"so-panel widget widget_black-studio-tinymce widget_black_studio_tinymce panel-first-child panel-last-child\" data-index=\"0\" data-style=\"{\"><div class=\"textwidget\"><div id=\"company1\"><p><span style=\"color: #ffffff;\"><strong><span style=\"color: #000000;\">Ventajas de flujo de efectivo<\/span>\u2028\u2028<\/strong><\/span><br \/>Pagos diferidos de aranceles aduaneros de EE. UU.<br \/>Pago diferido de impuestos especiales de PR<br \/>Tarifas invertidas<br \/>Sin aranceles ni impuestos especiales sobre bienes con defectos, da\u00f1os o vencidos<\/p><p><span style=\"color: #000000;\"><strong>Ventajas operativas <br \/><\/strong><\/span>Tiempo de tr\u00e1nsito reducido (Caribe, Am\u00e9rica Central y del Sur)<br \/>Costos de transportaci\u00f3n reducido<br \/>Cargos de destino reducido<\/p><\/div><\/div><\/div><\/div><\/div><\/div>\t\t\t\t\t\t<\/div>\n\t\t\t\t<\/div>\n\t\t\t\t\t<\/div>\n\t\t<\/div>\n\t\t\t\t<div class=\"elementor-column elementor-col-50 elementor-inner-column elementor-element elementor-element-03dc7be\" data-id=\"03dc7be\" data-element_type=\"column\">\n\t\t\t<div class=\"elementor-widget-wrap elementor-element-populated\">\n\t\t\t\t\t\t<div class=\"elementor-element elementor-element-fe7b13b elementor-widget elementor-widget-text-editor\" data-id=\"fe7b13b\" data-element_type=\"widget\" data-widget_type=\"text-editor.default\">\n\t\t\t\t<div class=\"elementor-widget-container\">\n\t\t\t\t\t\t\t<p><span style=\"color: #000000;\"><strong>Mejor manejo de devoluciones internacionales<\/strong><\/span><\/p><p><span style=\"color: #000000;\"><strong>Eficiencia de los tr\u00e1mites aduaneros<\/strong><\/span><\/p><p><span style=\"color: #000000;\"><strong>Transferencia de zona a zona dentro de los EE. UU. y sus territorios<\/strong><\/span><\/p><p><span style=\"color: #000000;\"><strong>Ventajas fiscales para exportadores<\/strong><\/span><br \/>Sin impuesto a la propiedad o al inventario<br \/>Sin impuesto municipal a las exportaciones<br \/>Sin impuestos pagados<\/p>\t\t\t\t\t\t<\/div>\n\t\t\t\t<\/div>\n\t\t\t\t\t<\/div>\n\t\t<\/div>\n\t\t\t\t\t<\/div>\n\t\t<\/section>\n\t\t\t\t\t<\/div>\n\t\t<\/div>\n\t\t\t\t\t<\/div>\n\t\t<\/section>\n\t\t\t\t<section class=\"elementor-section elementor-top-section elementor-element elementor-element-0f1c3b2 elementor-section-boxed elementor-section-height-default elementor-section-height-default\" data-id=\"0f1c3b2\" data-element_type=\"section\">\n\t\t\t\t\t\t<div class=\"elementor-container elementor-column-gap-default\">\n\t\t\t\t\t<div class=\"elementor-column elementor-col-100 elementor-top-column elementor-element elementor-element-a34a5c2\" data-id=\"a34a5c2\" data-element_type=\"column\">\n\t\t\t<div class=\"elementor-widget-wrap elementor-element-populated\">\n\t\t\t\t\t\t<div class=\"elementor-element elementor-element-c021162 elementor-widget elementor-widget-text-editor\" data-id=\"c021162\" data-element_type=\"widget\" data-widget_type=\"text-editor.default\">\n\t\t\t\t<div class=\"elementor-widget-container\">\n\t\t\t\t\t\t\t<h2><span style=\"color: #424484;\"><strong>Servicios ofrecidos y ventajas \u00fanicas<\/strong><\/span><\/h2>\t\t\t\t\t\t<\/div>\n\t\t\t\t<\/div>\n\t\t\t\t<section class=\"elementor-section elementor-inner-section elementor-element elementor-element-f35b5bd elementor-section-boxed elementor-section-height-default elementor-section-height-default\" data-id=\"f35b5bd\" data-element_type=\"section\" data-settings=\"{&quot;background_background&quot;:&quot;classic&quot;}\">\n\t\t\t\t\t\t<div class=\"elementor-container elementor-column-gap-default\">\n\t\t\t\t\t<div class=\"elementor-column elementor-col-50 elementor-inner-column elementor-element elementor-element-fffc791\" data-id=\"fffc791\" data-element_type=\"column\">\n\t\t\t<div class=\"elementor-widget-wrap elementor-element-populated\">\n\t\t\t\t\t\t<div class=\"elementor-element elementor-element-3742dd3 elementor-widget elementor-widget-text-editor\" data-id=\"3742dd3\" data-element_type=\"widget\" data-widget_type=\"text-editor.default\">\n\t\t\t\t<div class=\"elementor-widget-container\">\n\t\t\t\t\t\t\t<div id=\"pg-13-1\" class=\"panel-grid panel-no-style\" data-style=\"{\" data-ratio=\"1\" data-ratio-direction=\"right\"><div id=\"pgc-13-1-0\" class=\"panel-grid-cell\" data-weight=\"1\"><div id=\"panel-13-1-0-0\" class=\"so-panel widget widget_black-studio-tinymce widget_black_studio_tinymce panel-first-child panel-last-child\" data-index=\"1\" data-style=\"{\"><div class=\"textwidget\"><h3><span style=\"color: #333333;\"><strong>Flujo de efectivo<\/strong><\/span><\/h3><p>Los aranceles aduaneros se pagan solo cuando la mercanc\u00eda importada se env\u00eda al territorio aduanero de los EE. UU.<\/p><h3><span style=\"color: #333333;\"><strong>Exportaciones<\/strong><\/span><\/h3><p>No se pagan derechos de Aduana ni Patente Municipal sobre las mercanc\u00edas exportadas desde la Zona Libre del Sur fuera de los Estados Unidos y sus territorios.<\/p><h3><span style=\"color: #333333;\"><strong>Accesibilidad de la mercanc\u00eda<\/strong><\/span><\/h3><p>Los clientes tienen suficiente inventario para satisfacer su mercado inmediato y demanda de producci\u00f3n.<\/p><\/div><\/div><\/div><\/div>\t\t\t\t\t\t<\/div>\n\t\t\t\t<\/div>\n\t\t\t\t\t<\/div>\n\t\t<\/div>\n\t\t\t\t<div class=\"elementor-column elementor-col-50 elementor-inner-column elementor-element elementor-element-20c6a1a\" data-id=\"20c6a1a\" data-element_type=\"column\">\n\t\t\t<div class=\"elementor-widget-wrap elementor-element-populated\">\n\t\t\t\t\t\t<div class=\"elementor-element elementor-element-1f36a7a elementor-widget elementor-widget-text-editor\" data-id=\"1f36a7a\" data-element_type=\"widget\" data-widget_type=\"text-editor.default\">\n\t\t\t\t<div class=\"elementor-widget-container\">\n\t\t\t\t\t\t\t<h3><span style=\"color: #333333;\"><strong>Exposici\u00f3n<\/strong><\/span><\/h3><p>La mercanc\u00eda puede ser retenida para este fin sin pago de derechos de Aduana.<\/p><h3><span style=\"color: #333333;\"><strong>Control de inventario<\/strong><\/span><\/h3><p>Las operaciones bajo el estatus de FTZ requieren una contabilidad cuidadosa de la mercanc\u00eda recibida, procesada y enviada. Zona Libre del Sur brinda inventario perpetuo de la mercader\u00eda almacenada en nuestras instalaciones.<\/p><h3><span style=\"color: #333333;\"><strong>Derechos antidumping\/compensatorios<\/strong><\/span><\/h3><p>Estos aranceles tambi\u00e9n se difieren hasta que la mercanc\u00eda ingrese al territorio aduanero de los EE. UU.<\/p>\t\t\t\t\t\t<\/div>\n\t\t\t\t<\/div>\n\t\t\t\t\t<\/div>\n\t\t<\/div>\n\t\t\t\t\t<\/div>\n\t\t<\/section>\n\t\t\t\t\t<\/div>\n\t\t<\/div>\n\t\t\t\t\t<\/div>\n\t\t<\/section>\n\t\t\t\t<\/div>","protected":false},"excerpt":{"rendered":"<style>\/*! elementor - v3.6.5 - 27-04-2022 *\/<br \/>\n.e-container.e-container--row .elementor-spacer-inner{width:var(--spacer-size)}.e-container.e-container--column .elementor-spacer-inner,.elementor-column .elementor-spacer-inner{height:var(--spacer-...<\/p>","protected":false},"author":1,"featured_media":0,"parent":0,"menu_order":0,"comment_status":"closed","ping_status":"closed","template":"elementor_header_footer","meta":{"_mi_skip_tracking":false,"site-sidebar-layout":"no-sidebar","site-content-layout":"page-builder","ast-site-content-layout":"","site-content-style":"default","site-sidebar-style":"default","ast-global-header-display":"","ast-banner-title-visibility":"","ast-main-header-display":"","ast-hfb-above-header-display":"","ast-hfb-below-header-display":"","ast-hfb-mobile-header-display":"","site-post-title":"","ast-breadcrumbs-content":"","ast-featured-img":"","footer-sml-layout":"","theme-transparent-header-meta":"default","adv-header-id-meta":"","stick-header-meta":"","header-above-stick-meta":"","header-main-stick-meta":"","header-below-stick-meta":"","astra-migrate-meta-layouts":"default","ast-page-background-enabled":"default","ast-page-background-meta":{"desktop":{"background-color":"","background-image":"","background-repeat":"repeat","background-position":"center center","background-size":"auto","background-attachment":"scroll","background-type":"","background-media":"","overlay-type":"","overlay-color":"","overlay-gradient":""},"tablet":{"background-color":"","background-image":"","background-repeat":"repeat","background-position":"center center","background-size":"auto","background-attachment":"scroll","background-type":"","background-media":"","overlay-type":"","overlay-color":"","overlay-gradient":""},"mobile":{"background-color":"","background-image":"","background-repeat":"repeat","background-position":"center center","background-size":"auto","background-attachment":"scroll","background-type":"","background-media":"","overlay-type":"","overlay-color":"","overlay-gradient":""}},"ast-content-background-meta":{"desktop":{"background-color":"var(--ast-global-color-5)","background-image":"","background-repeat":"repeat","background-position":"center center","background-size":"auto","background-attachment":"scroll","background-type":"","background-media":"","overlay-type":"","overlay-color":"","overlay-gradient":""},"tablet":{"background-color":"var(--ast-global-color-5)","background-image":"","background-repeat":"repeat","background-position":"center center","background-size":"auto","background-attachment":"scroll","background-type":"","background-media":"","overlay-type":"","overlay-color":"","overlay-gradient":""},"mobile":{"background-color":"var(--ast-global-color-5)","background-image":"","background-repeat":"repeat","background-position":"center center","background-size":"auto","background-attachment":"scroll","background-type":"","background-media":"","overlay-type":"","overlay-color":"","overlay-gradient":""}},"footnotes":""},"_links":{"self":[{"href":"https:\/\/zonalibredelsur.com\/es\/wp-json\/wp\/v2\/pages\/13"}],"collection":[{"href":"https:\/\/zonalibredelsur.com\/es\/wp-json\/wp\/v2\/pages"}],"about":[{"href":"https:\/\/zonalibredelsur.com\/es\/wp-json\/wp\/v2\/types\/page"}],"author":[{"embeddable":true,"href":"https:\/\/zonalibredelsur.com\/es\/wp-json\/wp\/v2\/users\/1"}],"replies":[{"embeddable":true,"href":"https:\/\/zonalibredelsur.com\/es\/wp-json\/wp\/v2\/comments?post=13"}],"version-history":[{"count":269,"href":"https:\/\/zonalibredelsur.com\/es\/wp-json\/wp\/v2\/pages\/13\/revisions"}],"predecessor-version":[{"id":2925,"href":"https:\/\/zonalibredelsur.com\/es\/wp-json\/wp\/v2\/pages\/13\/revisions\/2925"}],"wp:attachment":[{"href":"https:\/\/zonalibredelsur.com\/es\/wp-json\/wp\/v2\/media?parent=13"}],"curies":[{"name":"wp","href":"https:\/\/api.w.org\/{rel}","templated":true}]}}