{"id":1794,"date":"2022-02-24T19:17:59","date_gmt":"2022-02-24T19:17:59","guid":{"rendered":"http:\/\/zonalibredelsur.com\/?page_id=1794"},"modified":"2023-08-16T12:30:36","modified_gmt":"2023-08-16T12:30:36","slug":"formerpresidents","status":"publish","type":"page","link":"https:\/\/zonalibredelsur.com\/es\/formerpresidents\/","title":{"rendered":"Ex Presidentes"},"content":{"rendered":"<div data-elementor-type=\"wp-page\" data-elementor-id=\"1794\" class=\"elementor elementor-1794\">\n\t\t\t\t\t\t<section class=\"elementor-section elementor-top-section elementor-element elementor-element-2305013 elementor-section-full_width elementor-section-height-default elementor-section-height-default\" data-id=\"2305013\" data-element_type=\"section\" data-settings=\"{&quot;background_background&quot;:&quot;classic&quot;}\">\n\t\t\t\t\t\t\t<div class=\"elementor-background-overlay\"><\/div>\n\t\t\t\t\t\t\t<div class=\"elementor-container elementor-column-gap-no\">\n\t\t\t\t\t<div class=\"elementor-column elementor-col-100 elementor-top-column elementor-element elementor-element-6c38735\" data-id=\"6c38735\" data-element_type=\"column\">\n\t\t\t<div class=\"elementor-widget-wrap\">\n\t\t\t\t\t\t\t<\/div>\n\t\t<\/div>\n\t\t\t\t\t<\/div>\n\t\t<\/section>\n\t\t\t\t<section class=\"elementor-section elementor-top-section elementor-element elementor-element-69e78a1 elementor-section-boxed elementor-section-height-default elementor-section-height-default\" data-id=\"69e78a1\" data-element_type=\"section\">\n\t\t\t\t\t\t<div class=\"elementor-container elementor-column-gap-default\">\n\t\t\t\t\t<div class=\"elementor-column elementor-col-100 elementor-top-column elementor-element elementor-element-04c75b5\" data-id=\"04c75b5\" data-element_type=\"column\">\n\t\t\t<div class=\"elementor-widget-wrap elementor-element-populated\">\n\t\t\t\t\t\t<div class=\"elementor-element elementor-element-94f8a7e elementor-widget elementor-widget-text-editor\" data-id=\"94f8a7e\" data-element_type=\"widget\" data-widget_type=\"text-editor.default\">\n\t\t\t\t<div class=\"elementor-widget-container\">\n\t\t\t<style>\/*! elementor - v3.20.0 - 20-03-2024 *\/\n.elementor-widget-text-editor.elementor-drop-cap-view-stacked .elementor-drop-cap{background-color:#69727d;color:#fff}.elementor-widget-text-editor.elementor-drop-cap-view-framed .elementor-drop-cap{color:#69727d;border:3px solid;background-color:transparent}.elementor-widget-text-editor:not(.elementor-drop-cap-view-default) .elementor-drop-cap{margin-top:8px}.elementor-widget-text-editor:not(.elementor-drop-cap-view-default) .elementor-drop-cap-letter{width:1em;height:1em}.elementor-widget-text-editor .elementor-drop-cap{float:left;text-align:center;line-height:1;font-size:50px}.elementor-widget-text-editor .elementor-drop-cap-letter{display:inline-block}<\/style>\t\t\t\t<div id=\"pl-168\" class=\"panel-layout\"><div id=\"pg-168-0\" class=\"panel-grid panel-no-style\" data-style=\"{\" data-ratio=\"1\" data-ratio-direction=\"right\"><div id=\"pgc-168-0-0\" class=\"panel-grid-cell\" data-weight=\"1\"><div id=\"panel-168-0-0-0\" class=\"so-panel widget widget_black-studio-tinymce widget_black_studio_tinymce panel-first-child panel-last-child\" data-index=\"0\" data-style=\"{\"><div id=\"panel-168-1-1-0\" class=\"so-panel widget widget_black-studio-tinymce widget_black_studio_tinymce panel-first-child panel-last-child\" data-index=\"2\" data-style=\"{\"><div class=\"textwidget\"><h2 style=\"text-align: center;\"><span style=\"color: #003366;\"><strong>Ex Presidentes<\/strong><\/span><\/h2><\/div><\/div><\/div><\/div><\/div><\/div>\t\t\t\t\t\t<\/div>\n\t\t\t\t<\/div>\n\t\t\t\t\t<\/div>\n\t\t<\/div>\n\t\t\t\t\t<\/div>\n\t\t<\/section>\n\t\t\t\t<section class=\"elementor-section elementor-top-section elementor-element elementor-element-1b821d9 elementor-section-boxed elementor-section-height-default elementor-section-height-default\" data-id=\"1b821d9\" data-element_type=\"section\">\n\t\t\t\t\t\t<div class=\"elementor-container elementor-column-gap-default\">\n\t\t\t\t\t<div class=\"elementor-column elementor-col-100 elementor-top-column elementor-element elementor-element-3e7584d\" data-id=\"3e7584d\" data-element_type=\"column\">\n\t\t\t<div class=\"elementor-widget-wrap elementor-element-populated\">\n\t\t\t\t\t\t<div class=\"elementor-element elementor-element-ce0d1f6 elementor-widget elementor-widget-text-editor\" data-id=\"ce0d1f6\" data-element_type=\"widget\" data-widget_type=\"text-editor.default\">\n\t\t\t\t<div class=\"elementor-widget-container\">\n\t\t\t\t\t\t\t<h3 style=\"text-align: center;\"><strong>SR. LUCAS P. VALDIVIESO<br \/><\/strong><\/h3><p style=\"text-align: center;\">(1989 a 1995)<\/p><h3 style=\"text-align: center;\"><strong>SRA. EDNA I. GRAU DE JES\u00daS<br \/><\/strong><\/h3><p style=\"text-align: center;\">Presidenta Interina (1995 al 31 de mayo de 1995)<\/p><h3 style=\"text-align: center;\"><strong>LIC. ALBERTO J. TORRUELLA<br \/><\/strong><\/h3><p style=\"text-align: center;\">(May 31, 1995 to June 22, 1999)<\/p><h3 style=\"text-align: center;\"><strong>ING. LOMBARDO P\u00c9REZ P\u00c9REZ<\/strong><\/h3><p style=\"text-align: center;\">(June 22, 1999 to January 20, 2000)<\/p><h3 style=\"text-align: center;\">SR. JOS\u00c9 R. CRIADO C\u00c9SPEDES<\/h3><p style=\"text-align: center;\">(January 20, 2000 to January 21, 2004)<\/p><h3 style=\"text-align: center;\">SR. JORGE O. CEBOLLERO MARTIR<\/h3><p style=\"text-align: center;\">(January 21, 2004 to December 15, 2004)<\/p><h3 style=\"text-align: center;\">LIC. WILLIAM GUZM\u00c1N GARC\u00cdA<\/h3><p style=\"text-align: center;\">(December 22, 2004 to May 30, 2007)<\/p><h3 style=\"text-align: center;\">SR. MIGUEL A. MALTES RAINIERI<\/h3><p style=\"text-align: center;\">(May 30, 2007 to December 10, 2009)<\/p><h3 style=\"text-align: center;\">LIC. SAMUEL TORRES CORTEZ<\/h3><p style=\"text-align: center;\">(January 28, 2010 to December 2, 2021)<\/p><h3 style=\"text-align: center;\">DR. JAIME L. SANTIAGO CANET<\/h3><p style=\"text-align: center;\">Acting President (December 17, 2021 \u2013 present)<\/p>\t\t\t\t\t\t<\/div>\n\t\t\t\t<\/div>\n\t\t\t\t\t<\/div>\n\t\t<\/div>\n\t\t\t\t\t<\/div>\n\t\t<\/section>\n\t\t\t\t<\/div>","protected":false},"excerpt":{"rendered":"<p>Former Presidents SR. LUCAS P. VALDIVIESO (1989\u00a0 to 1995) SRA. EDNA I. GRAU DE JES\u00daS Acting President (1995\u00a0 to May 31, 1995) LIC. ALBERTO J. TORRUELLA (May 31, 1995 to June 22, 1999) ING. LOMBARDO P\u00c9REZ P\u00c9REZ (June 22, 1999 to January 20, 2000) SR. JOS\u00c9 R. CRIADO C\u00c9SPEDES (January 20, 2000 to January 21, [&hellip;]<\/p>","protected":false},"author":1,"featured_media":0,"parent":0,"menu_order":0,"comment_status":"closed","ping_status":"closed","template":"","meta":{"_mi_skip_tracking":false,"site-sidebar-layout":"no-sidebar","site-content-layout":"page-builder","ast-site-content-layout":"","site-content-style":"default","site-sidebar-style":"default","ast-global-header-display":"","ast-banner-title-visibility":"","ast-main-header-display":"","ast-hfb-above-header-display":"","ast-hfb-below-header-display":"","ast-hfb-mobile-header-display":"","site-post-title":"disabled","ast-breadcrumbs-content":"","ast-featured-img":"disabled","footer-sml-layout":"","theme-transparent-header-meta":"","adv-header-id-meta":"","stick-header-meta":"","header-above-stick-meta":"","header-main-stick-meta":"","header-below-stick-meta":"","astra-migrate-meta-layouts":"default","ast-page-background-enabled":"default","ast-page-background-meta":{"desktop":{"background-color":"","background-image":"","background-repeat":"repeat","background-position":"center center","background-size":"auto","background-attachment":"scroll","background-type":"","background-media":"","overlay-type":"","overlay-color":"","overlay-gradient":""},"tablet":{"background-color":"","background-image":"","background-repeat":"repeat","background-position":"center center","background-size":"auto","background-attachment":"scroll","background-type":"","background-media":"","overlay-type":"","overlay-color":"","overlay-gradient":""},"mobile":{"background-color":"","background-image":"","background-repeat":"repeat","background-position":"center center","background-size":"auto","background-attachment":"scroll","background-type":"","background-media":"","overlay-type":"","overlay-color":"","overlay-gradient":""}},"ast-content-background-meta":{"desktop":{"background-color":"var(--ast-global-color-5)","background-image":"","background-repeat":"repeat","background-position":"center center","background-size":"auto","background-attachment":"scroll","background-type":"","background-media":"","overlay-type":"","overlay-color":"","overlay-gradient":""},"tablet":{"background-color":"var(--ast-global-color-5)","background-image":"","background-repeat":"repeat","background-position":"center center","background-size":"auto","background-attachment":"scroll","background-type":"","background-media":"","overlay-type":"","overlay-color":"","overlay-gradient":""},"mobile":{"background-color":"var(--ast-global-color-5)","background-image":"","background-repeat":"repeat","background-position":"center center","background-size":"auto","background-attachment":"scroll","background-type":"","background-media":"","overlay-type":"","overlay-color":"","overlay-gradient":""}},"footnotes":""},"_links":{"self":[{"href":"https:\/\/zonalibredelsur.com\/es\/wp-json\/wp\/v2\/pages\/1794"}],"collection":[{"href":"https:\/\/zonalibredelsur.com\/es\/wp-json\/wp\/v2\/pages"}],"about":[{"href":"https:\/\/zonalibredelsur.com\/es\/wp-json\/wp\/v2\/types\/page"}],"author":[{"embeddable":true,"href":"https:\/\/zonalibredelsur.com\/es\/wp-json\/wp\/v2\/users\/1"}],"replies":[{"embeddable":true,"href":"https:\/\/zonalibredelsur.com\/es\/wp-json\/wp\/v2\/comments?post=1794"}],"version-history":[{"count":49,"href":"https:\/\/zonalibredelsur.com\/es\/wp-json\/wp\/v2\/pages\/1794\/revisions"}],"predecessor-version":[{"id":2511,"href":"https:\/\/zonalibredelsur.com\/es\/wp-json\/wp\/v2\/pages\/1794\/revisions\/2511"}],"wp:attachment":[{"href":"https:\/\/zonalibredelsur.com\/es\/wp-json\/wp\/v2\/media?parent=1794"}],"curies":[{"name":"wp","href":"https:\/\/api.w.org\/{rel}","templated":true}]}}