{"id":243,"date":"2016-03-20T22:57:57","date_gmt":"2016-03-20T22:57:57","guid":{"rendered":"http:\/\/zonalibredelsur.com\/?page_id=243"},"modified":"2021-11-12T16:53:55","modified_gmt":"2021-11-12T16:53:55","slug":"ponce","status":"publish","type":"page","link":"https:\/\/zonalibredelsur.com\/es\/ponce\/","title":{"rendered":"Ubicaci\u00f3n"},"content":{"rendered":"<div data-elementor-type=\"wp-page\" data-elementor-id=\"243\" class=\"elementor elementor-243\">\n\t\t\t\t\t\t<section class=\"elementor-section elementor-top-section elementor-element elementor-element-1812cd67 elementor-section-boxed elementor-section-height-default elementor-section-height-default\" data-id=\"1812cd67\" data-element_type=\"section\">\n\t\t\t\t\t\t<div class=\"elementor-container elementor-column-gap-default\">\n\t\t\t\t\t<div class=\"elementor-column elementor-col-100 elementor-top-column elementor-element elementor-element-917c70\" data-id=\"917c70\" data-element_type=\"column\">\n\t\t\t<div class=\"elementor-widget-wrap elementor-element-populated\">\n\t\t\t\t\t\t<div class=\"elementor-element elementor-element-ebb4779 elementor-widget elementor-widget-text-editor\" data-id=\"ebb4779\" data-element_type=\"widget\" data-widget_type=\"text-editor.default\">\n\t\t\t\t<div class=\"elementor-widget-container\">\n\t\t\t<style>\/*! elementor - v3.20.0 - 20-03-2024 *\/\n.elementor-widget-text-editor.elementor-drop-cap-view-stacked .elementor-drop-cap{background-color:#69727d;color:#fff}.elementor-widget-text-editor.elementor-drop-cap-view-framed .elementor-drop-cap{color:#69727d;border:3px solid;background-color:transparent}.elementor-widget-text-editor:not(.elementor-drop-cap-view-default) .elementor-drop-cap{margin-top:8px}.elementor-widget-text-editor:not(.elementor-drop-cap-view-default) .elementor-drop-cap-letter{width:1em;height:1em}.elementor-widget-text-editor .elementor-drop-cap{float:left;text-align:center;line-height:1;font-size:50px}.elementor-widget-text-editor .elementor-drop-cap-letter{display:inline-block}<\/style>\t\t\t\t<h2><span style=\"color: #003366;\">Ponce, Puerto Rico<\/span><\/h2>\t\t\t\t\t\t<\/div>\n\t\t\t\t<\/div>\n\t\t\t\t<div class=\"elementor-element elementor-element-bbcdb43 elementor-widget elementor-widget-video\" data-id=\"bbcdb43\" data-element_type=\"widget\" data-settings=\"{&quot;youtube_url&quot;:&quot;https:\\\/\\\/www.youtube.com\\\/watch?v=y4AtTzv80yA&quot;,&quot;autoplay&quot;:&quot;yes&quot;,&quot;play_on_mobile&quot;:&quot;yes&quot;,&quot;video_type&quot;:&quot;youtube&quot;}\" data-widget_type=\"video.default\">\n\t\t\t\t<div class=\"elementor-widget-container\">\n\t\t\t<style>\/*! elementor - v3.20.0 - 20-03-2024 *\/\n.elementor-widget-video .elementor-widget-container{overflow:hidden;transform:translateZ(0)}.elementor-widget-video .elementor-wrapper{aspect-ratio:var(--video-aspect-ratio)}.elementor-widget-video .elementor-wrapper iframe,.elementor-widget-video .elementor-wrapper video{height:100%;width:100%;display:flex;border:none;background-color:#000}@supports not (aspect-ratio:1\/1){.elementor-widget-video .elementor-wrapper{position:relative;overflow:hidden;height:0;padding-bottom:calc(100% \/ var(--video-aspect-ratio))}.elementor-widget-video .elementor-wrapper iframe,.elementor-widget-video .elementor-wrapper video{position:absolute;top:0;right:0;bottom:0;left:0}}.elementor-widget-video .elementor-open-inline .elementor-custom-embed-image-overlay{position:absolute;top:0;right:0;bottom:0;left:0;background-size:cover;background-position:50%}.elementor-widget-video .elementor-custom-embed-image-overlay{cursor:pointer;text-align:center}.elementor-widget-video .elementor-custom-embed-image-overlay:hover .elementor-custom-embed-play i{opacity:1}.elementor-widget-video .elementor-custom-embed-image-overlay img{display:block;width:100%;aspect-ratio:var(--video-aspect-ratio);-o-object-fit:cover;object-fit:cover;-o-object-position:center center;object-position:center center}@supports not (aspect-ratio:1\/1){.elementor-widget-video .elementor-custom-embed-image-overlay{position:relative;overflow:hidden;height:0;padding-bottom:calc(100% \/ var(--video-aspect-ratio))}.elementor-widget-video .elementor-custom-embed-image-overlay img{position:absolute;top:0;right:0;bottom:0;left:0}}.elementor-widget-video .e-hosted-video .elementor-video{-o-object-fit:cover;object-fit:cover}.e-con-inner>.elementor-widget-video,.e-con>.elementor-widget-video{width:var(--container-widget-width);--flex-grow:var(--container-widget-flex-grow)}<\/style>\t\t<div class=\"elementor-wrapper elementor-open-inline\">\n\t\t\t<div class=\"elementor-video\"><\/div>\t\t<\/div>\n\t\t\t\t<\/div>\n\t\t\t\t<\/div>\n\t\t\t\t<div class=\"elementor-element elementor-element-6e552f5 elementor-widget elementor-widget-image\" data-id=\"6e552f5\" data-element_type=\"widget\" data-widget_type=\"image.default\">\n\t\t\t\t<div class=\"elementor-widget-container\">\n\t\t\t<style>\/*! elementor - v3.20.0 - 20-03-2024 *\/\n.elementor-widget-image{text-align:center}.elementor-widget-image a{display:inline-block}.elementor-widget-image a img[src$=\".svg\"]{width:48px}.elementor-widget-image img{vertical-align:middle;display:inline-block}<\/style>\t\t\t\t\t\t\t\t\t\t<img fetchpriority=\"high\" decoding=\"async\" width=\"351\" height=\"267\" src=\"https:\/\/zonalibredelsur.com\/wp-content\/uploads\/2021\/10\/logo-ponce-ci-1.png\" class=\"attachment-medium_large size-medium_large wp-image-1161\" alt=\"\" srcset=\"https:\/\/zonalibredelsur.com\/wp-content\/uploads\/2021\/10\/logo-ponce-ci-1.png 351w, https:\/\/zonalibredelsur.com\/wp-content\/uploads\/2021\/10\/logo-ponce-ci-1-300x228.png 300w\" sizes=\"(max-width: 351px) 100vw, 351px\" \/>\t\t\t\t\t\t\t\t\t\t\t\t\t<\/div>\n\t\t\t\t<\/div>\n\t\t\t\t<div class=\"elementor-element elementor-element-334c73cb elementor-widget elementor-widget-text-editor\" data-id=\"334c73cb\" data-element_type=\"widget\" data-widget_type=\"text-editor.default\">\n\t\t\t\t<div class=\"elementor-widget-container\">\n\t\t\t\t\t\t\t<div id=\"pl-243\" class=\"panel-layout\"><div id=\"pg-243-0\" class=\"panel-grid panel-no-style\" data-style=\"{\" data-ratio=\"1\" data-ratio-direction=\"right\"><div id=\"pgc-243-0-0\" class=\"panel-grid-cell\" data-weight=\"1\"><div id=\"panel-243-0-0-0\" class=\"so-panel widget widget_black-studio-tinymce widget_black_studio_tinymce panel-first-child panel-last-child\" data-index=\"0\" data-style=\"{\"><div><p>Ponce, la villa fue fundada en el a\u00f1o 1692. En el a\u00f1o 1848 fue declarada Villa y en 1877 se le otorg\u00f3 el t\u00edtulo de ciudad por orden del Rey de Espa\u00f1a, Alfonso XIII. El nombre PONCE corresponde al nombre de Don Juan Ponce de Le\u00f3n, conquistador y primer gobernador de la Isla de Puerto Rico. Ponce es conocida indistintamente como Ciudad Se\u00f1orial, La Perla del Sur, Ciudad de Quenepas y Ciudad de Leones.<\/p><\/div><div class=\"textwidget\"><p class=\"marronText12\" style=\"text-align: justify;\">El municipio de Ponce est\u00e1 ubicado en la zona costera plana del Sur, entre la Cordillera Central y el Mar Caribe. Ponce ocupa en la geograf\u00eda de la isla de Puerto Rico, un \u00e1rea de 116 millas cuadradas (300 kil\u00f3metros cuadrados). El n\u00famero de habitantes del municipio de Ponce, seg\u00fan datos del Censo 2000 ascend\u00eda a 186,475.<\/p><p class=\"marronText12\"><span id=\"Label16\"><\/span><strong><span id=\"Label22\">OFICINA DE TURISMO DE PONCE:<\/span><\/strong><br \/><strong><span id=\"Label23\">Tel\u00e9fono: <\/span><\/strong><span id=\"Label24\">(787) 284-4141, ext: 2245 or 2254<\/span><\/p><\/div><\/div><\/div><\/div><div id=\"pg-243-1\" class=\"panel-grid panel-no-style\" data-style=\"{\" data-ratio=\"1\" data-ratio-direction=\"right\"><div id=\"pgc-243-1-0\" class=\"panel-grid-cell\" data-weight=\"1\"><div id=\"panel-243-1-0-0\" class=\"so-panel widget widget_black-studio-tinymce widget_black_studio_tinymce panel-first-child panel-last-child\" data-index=\"1\" data-style=\"{\"><div class=\"textwidget\">\u00a0<\/div><\/div><\/div><\/div><\/div>\t\t\t\t\t\t<\/div>\n\t\t\t\t<\/div>\n\t\t\t\t<div class=\"elementor-element elementor-element-d616a47 elementor-widget elementor-widget-google_maps\" data-id=\"d616a47\" data-element_type=\"widget\" data-widget_type=\"google_maps.default\">\n\t\t\t\t<div class=\"elementor-widget-container\">\n\t\t\t<style>\/*! elementor - v3.20.0 - 20-03-2024 *\/\n.elementor-widget-google_maps .elementor-widget-container{overflow:hidden}.elementor-widget-google_maps .elementor-custom-embed{line-height:0}.elementor-widget-google_maps iframe{height:300px}<\/style>\t\t<div class=\"elementor-custom-embed\">\n\t\t\t<iframe loading=\"lazy\"\n\t\t\t\t\tsrc=\"https:\/\/maps.google.com\/maps?q=Ponce&#038;t=m&#038;z=10&#038;output=embed&#038;iwloc=near\"\n\t\t\t\t\ttitle=\"Ponce\"\n\t\t\t\t\taria-label=\"Ponce\"\n\t\t\t><\/iframe>\n\t\t<\/div>\n\t\t\t\t<\/div>\n\t\t\t\t<\/div>\n\t\t\t\t\t<\/div>\n\t\t<\/div>\n\t\t\t\t\t<\/div>\n\t\t<\/section>\n\t\t\t\t<section class=\"elementor-section elementor-top-section elementor-element elementor-element-3be26d3 elementor-section-boxed elementor-section-height-default elementor-section-height-default\" data-id=\"3be26d3\" data-element_type=\"section\">\n\t\t\t\t\t\t<div class=\"elementor-container elementor-column-gap-default\">\n\t\t\t\t\t<div class=\"elementor-column elementor-col-100 elementor-top-column elementor-element elementor-element-e3ec3eb\" data-id=\"e3ec3eb\" data-element_type=\"column\">\n\t\t\t<div class=\"elementor-widget-wrap elementor-element-populated\">\n\t\t\t\t\t\t<div class=\"elementor-element elementor-element-0dbbe09 elementor-widget elementor-widget-text-editor\" data-id=\"0dbbe09\" data-element_type=\"widget\" data-widget_type=\"text-editor.default\">\n\t\t\t\t<div class=\"elementor-widget-container\">\n\t\t\t\t\t\t\t<h2><span style=\"color: #003366;\"><strong>Datos sobre Puerto Rico<\/strong><\/span><\/h2><p>\u00a0<\/p><h1><strong><img decoding=\"async\" class=\"alignnone wp-image-634\" src=\"http:\/\/zonalibredelsur.com\/wp-content\/uploads\/2016\/03\/flag-puerto-rico-300x199.png\" alt=\"flag-puerto-rico\" width=\"185\" height=\"123\" srcset=\"https:\/\/zonalibredelsur.com\/wp-content\/uploads\/2016\/03\/flag-puerto-rico-300x199.png 300w, https:\/\/zonalibredelsur.com\/wp-content\/uploads\/2016\/03\/flag-puerto-rico-768x510.png 768w, https:\/\/zonalibredelsur.com\/wp-content\/uploads\/2016\/03\/flag-puerto-rico-272x182.png 272w, https:\/\/zonalibredelsur.com\/wp-content\/uploads\/2016\/03\/flag-puerto-rico.png 899w\" sizes=\"(max-width: 185px) 100vw, 185px\" \/><br \/><\/strong><\/h1><h3>Clima y geograf\u00eda<\/h3><p>Puerto Rico es una isla estrat\u00e9gicamente ubicada en medio del Caribe, justo entre Am\u00e9rica del Norte y del Sur y al este de Am\u00e9rica Central. Es hermoso todo el a\u00f1o. Las playas de arena blanca, el buen clima y la calidez de su gente son la combinaci\u00f3n perfecta para hacer de este su v\u00ednculo comercial con el hemisferio occidental.<\/p><h3>Poblaci\u00f3n<\/h3><p>De los 3.2 millones de ciudadanos estadounidenses que viven en Puerto Rico, 1.2 millones constituyen su fuerza laboral calificada. Muchos de estos han completado su educaci\u00f3n universitaria y son biling\u00fces.<\/p><h3>Econom\u00eda<\/h3><p>Puerto Rico late al ritmo palpitante de la industria, con m\u00e1s de 2,361 plantas industriales diversificadas que producen y env\u00edan de todo, desde prendas de vestir y productos farmac\u00e9uticos hasta componentes de computadora y dispositivos m\u00e9dicos. Una econom\u00eda poderosa y un gobierno a favor de las empresas comprometido con el crecimiento industrial continuo son componentes clave para el \u00e9xito de Puerto Rico como centro de negocios.<\/p><h3>Gobierno<\/h3><p>Uno de los gobiernos m\u00e1s estables en las Am\u00e9ricas.<\/p><p>Opera bajo la Constituci\u00f3n de los Estados Unidos de Am\u00e9rica y la Constituci\u00f3n del Estado Libre Asociado de Puerto Rico.<\/p><p>El gobierno local consta de un poder ejecutivo, legislativo y judicial.<\/p><p>El d\u00f3lar estadounidense es la moneda de Puerto Rico.<\/p>\t\t\t\t\t\t<\/div>\n\t\t\t\t<\/div>\n\t\t\t\t\t<\/div>\n\t\t<\/div>\n\t\t\t\t\t<\/div>\n\t\t<\/section>\n\t\t\t\t<\/div>","protected":false},"excerpt":{"rendered":"<p>Ponce, Puerto Rico https:\/\/www.youtube.com\/watch?v=y4AtTzv80yA Ponce, the town was founded in the year 1692. In the year 1848 was declared Village and in 1877 it was awarded the title of city by order of the King of Spain, Alfonso XIII. PONCE name corresponds to the name of Don Juan Ponce de Leon, conqueror and first governor [&hellip;]<\/p>","protected":false},"author":1,"featured_media":0,"parent":0,"menu_order":0,"comment_status":"closed","ping_status":"closed","template":"elementor_header_footer","meta":{"_mi_skip_tracking":false,"site-sidebar-layout":"no-sidebar","site-content-layout":"page-builder","ast-site-content-layout":"","site-content-style":"default","site-sidebar-style":"default","ast-global-header-display":"","ast-banner-title-visibility":"","ast-main-header-display":"","ast-hfb-above-header-display":"","ast-hfb-below-header-display":"","ast-hfb-mobile-header-display":"","site-post-title":"","ast-breadcrumbs-content":"","ast-featured-img":"","footer-sml-layout":"","theme-transparent-header-meta":"default","adv-header-id-meta":"","stick-header-meta":"","header-above-stick-meta":"","header-main-stick-meta":"","header-below-stick-meta":"","astra-migrate-meta-layouts":"default","ast-page-background-enabled":"default","ast-page-background-meta":{"desktop":{"background-color":"","background-image":"","background-repeat":"repeat","background-position":"center center","background-size":"auto","background-attachment":"scroll","background-type":"","background-media":"","overlay-type":"","overlay-color":"","overlay-gradient":""},"tablet":{"background-color":"","background-image":"","background-repeat":"repeat","background-position":"center center","background-size":"auto","background-attachment":"scroll","background-type":"","background-media":"","overlay-type":"","overlay-color":"","overlay-gradient":""},"mobile":{"background-color":"","background-image":"","background-repeat":"repeat","background-position":"center center","background-size":"auto","background-attachment":"scroll","background-type":"","background-media":"","overlay-type":"","overlay-color":"","overlay-gradient":""}},"ast-content-background-meta":{"desktop":{"background-color":"var(--ast-global-color-5)","background-image":"","background-repeat":"repeat","background-position":"center center","background-size":"auto","background-attachment":"scroll","background-type":"","background-media":"","overlay-type":"","overlay-color":"","overlay-gradient":""},"tablet":{"background-color":"var(--ast-global-color-5)","background-image":"","background-repeat":"repeat","background-position":"center center","background-size":"auto","background-attachment":"scroll","background-type":"","background-media":"","overlay-type":"","overlay-color":"","overlay-gradient":""},"mobile":{"background-color":"var(--ast-global-color-5)","background-image":"","background-repeat":"repeat","background-position":"center center","background-size":"auto","background-attachment":"scroll","background-type":"","background-media":"","overlay-type":"","overlay-color":"","overlay-gradient":""}},"footnotes":""},"_links":{"self":[{"href":"https:\/\/zonalibredelsur.com\/es\/wp-json\/wp\/v2\/pages\/243"}],"collection":[{"href":"https:\/\/zonalibredelsur.com\/es\/wp-json\/wp\/v2\/pages"}],"about":[{"href":"https:\/\/zonalibredelsur.com\/es\/wp-json\/wp\/v2\/types\/page"}],"author":[{"embeddable":true,"href":"https:\/\/zonalibredelsur.com\/es\/wp-json\/wp\/v2\/users\/1"}],"replies":[{"embeddable":true,"href":"https:\/\/zonalibredelsur.com\/es\/wp-json\/wp\/v2\/comments?post=243"}],"version-history":[{"count":75,"href":"https:\/\/zonalibredelsur.com\/es\/wp-json\/wp\/v2\/pages\/243\/revisions"}],"predecessor-version":[{"id":1568,"href":"https:\/\/zonalibredelsur.com\/es\/wp-json\/wp\/v2\/pages\/243\/revisions\/1568"}],"wp:attachment":[{"href":"https:\/\/zonalibredelsur.com\/es\/wp-json\/wp\/v2\/media?parent=243"}],"curies":[{"name":"wp","href":"https:\/\/api.w.org\/{rel}","templated":true}]}}